{"id":760,"date":"2024-01-23T01:56:49","date_gmt":"2024-01-23T01:56:49","guid":{"rendered":"https:\/\/cirujanaderodilla.com\/?page_id=760"},"modified":"2024-06-07T16:01:54","modified_gmt":"2024-06-07T16:01:54","slug":"publicaciones","status":"publish","type":"page","link":"https:\/\/cirujanaderodilla.com\/en\/publicaciones\/","title":{"rendered":"Publications"},"content":{"rendered":"<div data-elementor-type=\"wp-page\" data-elementor-id=\"760\" class=\"elementor elementor-760\" data-elementor-post-type=\"page\">\n\t\t\t\t\t\t<section class=\"elementor-section elementor-top-section elementor-element elementor-element-ae76513 elementor-section-boxed elementor-section-height-default elementor-section-height-default\" data-id=\"ae76513\" data-element_type=\"section\" data-settings=\"{&quot;background_background&quot;:&quot;classic&quot;,&quot;shape_divider_bottom&quot;:&quot;mountains&quot;,&quot;animation_mobile&quot;:&quot;fadeIn&quot;}\">\n\t\t\t\t\t\t\t<div class=\"elementor-background-overlay\"><\/div>\n\t\t\t\t\t\t<div class=\"elementor-shape elementor-shape-bottom\" data-negative=\"false\">\n\t\t\t<svg xmlns=\"http:\/\/www.w3.org\/2000\/svg\" viewbox=\"0 0 1000 100\" preserveaspectratio=\"none\">\n\t<path class=\"elementor-shape-fill\" opacity=\"0.33\" d=\"M473,67.3c-203.9,88.3-263.1-34-320.3,0C66,119.1,0,59.7,0,59.7V0h1000v59.7 c0,0-62.1,26.1-94.9,29.3c-32.8,3.3-62.8-12.3-75.8-22.1C806,49.6,745.3,8.7,694.9,4.7S492.4,59,473,67.3z\"\/>\n\t<path class=\"elementor-shape-fill\" opacity=\"0.66\" d=\"M734,67.3c-45.5,0-77.2-23.2-129.1-39.1c-28.6-8.7-150.3-10.1-254,39.1 s-91.7-34.4-149.2,0C115.7,118.3,0,39.8,0,39.8V0h1000v36.5c0,0-28.2-18.5-92.1-18.5C810.2,18.1,775.7,67.3,734,67.3z\"\/>\n\t<path class=\"elementor-shape-fill\" d=\"M766.1,28.9c-200-57.5-266,65.5-395.1,19.5C242,1.8,242,5.4,184.8,20.6C128,35.8,132.3,44.9,89.9,52.5C28.6,63.7,0,0,0,0 h1000c0,0-9.9,40.9-83.6,48.1S829.6,47,766.1,28.9z\"\/>\n<\/svg>\t\t<\/div>\n\t\t\t\t\t<div class=\"elementor-container elementor-column-gap-default\">\n\t\t\t\t\t<div class=\"aux-parallax-section elementor-column elementor-col-100 elementor-top-column elementor-element elementor-element-e14427d\" data-id=\"e14427d\" data-element_type=\"column\">\n\t\t\t<div class=\"elementor-widget-wrap elementor-element-populated\">\n\t\t\t\t\t\t<div class=\"elementor-element elementor-element-b85779e elementor-widget elementor-widget-aux_modern_heading\" data-id=\"b85779e\" data-element_type=\"widget\" data-widget_type=\"aux_modern_heading.default\">\n\t\t\t\t<div class=\"elementor-widget-container\">\n\t\t\t<section class=\"aux-widget-modern-heading\">\n            <div class=\"aux-widget-inner\"><h1 class=\"aux-modern-heading-primary\"><\/h1><\/div>\n        <\/section>\t\t<\/div>\n\t\t\t\t<\/div>\n\t\t\t\t<div class=\"elementor-element elementor-element-c13e473 elementor-widget elementor-widget-aux_breadcrumbs\" data-id=\"c13e473\" data-element_type=\"widget\" data-widget_type=\"aux_breadcrumbs.default\">\n\t\t\t\t<div class=\"elementor-widget-container\">\n\t\t\t<div class=\"aux-elementor-breadcrumbs\"><p class=\"aux-breadcrumbs\"><a href='https:\/\/cirujanaderodilla.com\/en'><span class='aux-breadcrumb-home auxicon-home-house-streamline'><\/span><\/a><\/div>\t\t<\/div>\n\t\t\t\t<\/div>\n\t\t\t\t\t<\/div>\n\t\t<\/div>\n\t\t\t\t\t<\/div>\n\t\t<\/section>\n\t\t\t\t<section class=\"elementor-section elementor-top-section elementor-element elementor-element-63e15eb elementor-section-boxed elementor-section-height-default elementor-section-height-default\" data-id=\"63e15eb\" data-element_type=\"section\">\n\t\t\t\t\t\t<div class=\"elementor-container elementor-column-gap-extended\">\n\t\t\t\t\t<div class=\"aux-parallax-section elementor-column elementor-col-25 elementor-top-column elementor-element elementor-element-2117940\" data-id=\"2117940\" data-element_type=\"column\" data-settings=\"{&quot;background_background&quot;:&quot;classic&quot;}\">\n\t\t\t<div class=\"elementor-widget-wrap elementor-element-populated\">\n\t\t\t\t\t\t<div class=\"elementor-element elementor-element-470c08e elementor-position-top elementor-widget elementor-widget-image-box\" data-id=\"470c08e\" data-element_type=\"widget\" data-widget_type=\"image-box.default\">\n\t\t\t\t<div class=\"elementor-widget-container\">\n\t\t\t<style>\/*! elementor - v3.19.0 - 10-01-2024 *\/\n.elementor-widget-image-box .elementor-image-box-content{width:100%}@media (min-width:768px){.elementor-widget-image-box.elementor-position-left .elementor-image-box-wrapper,.elementor-widget-image-box.elementor-position-right .elementor-image-box-wrapper{display:flex}.elementor-widget-image-box.elementor-position-right .elementor-image-box-wrapper{text-align:right;flex-direction:row-reverse}.elementor-widget-image-box.elementor-position-left .elementor-image-box-wrapper{text-align:left;flex-direction:row}.elementor-widget-image-box.elementor-position-top .elementor-image-box-img{margin:auto}.elementor-widget-image-box.elementor-vertical-align-top .elementor-image-box-wrapper{align-items:flex-start}.elementor-widget-image-box.elementor-vertical-align-middle .elementor-image-box-wrapper{align-items:center}.elementor-widget-image-box.elementor-vertical-align-bottom .elementor-image-box-wrapper{align-items:flex-end}}@media (max-width:767px){.elementor-widget-image-box .elementor-image-box-img{margin-left:auto!important;margin-right:auto!important;margin-bottom:15px}}.elementor-widget-image-box .elementor-image-box-img{display:inline-block}.elementor-widget-image-box .elementor-image-box-title a{color:inherit}.elementor-widget-image-box .elementor-image-box-wrapper{text-align:center}.elementor-widget-image-box .elementor-image-box-description{margin:0}<\/style><div class=\"elementor-image-box-wrapper\"><figure class=\"elementor-image-box-img\"><a href=\"https:\/\/cirujanaderodilla.com\/wp-content\/uploads\/2024\/01\/S0120884521000365.pdf\" target=\"_blank\" tabindex=\"-1\"><img fetchpriority=\"high\" decoding=\"async\" width=\"512\" height=\"512\" src=\"https:\/\/cirujanaderodilla.com\/wp-content\/uploads\/2024\/01\/free-pdf-download-icon-2617-thumb.png\" class=\"attachment-full size-full wp-image-769\" alt=\"\" srcset=\"https:\/\/cirujanaderodilla.com\/wp-content\/uploads\/2024\/01\/free-pdf-download-icon-2617-thumb.png 512w, https:\/\/cirujanaderodilla.com\/wp-content\/uploads\/2024\/01\/free-pdf-download-icon-2617-thumb-300x300.png 300w, https:\/\/cirujanaderodilla.com\/wp-content\/uploads\/2024\/01\/free-pdf-download-icon-2617-thumb-150x150.png 150w, https:\/\/cirujanaderodilla.com\/wp-content\/uploads\/2024\/01\/free-pdf-download-icon-2617-thumb-12x12.png 12w\" \/><\/a><\/figure><div class=\"elementor-image-box-content\"><h3 class=\"elementor-image-box-title\"><a href=\"https:\/\/cirujanaderodilla.com\/wp-content\/uploads\/2024\/01\/S0120884521000365.pdf\" target=\"_blank\">Measurement of the Inclination Angle of the Anterior Cruciate Ligament (ACL). Case Series.<\/a><\/h3><\/div><\/div>\t\t<\/div>\n\t\t\t\t<\/div>\n\t\t\t\t\t<\/div>\n\t\t<\/div>\n\t\t\t\t<div class=\"aux-parallax-section elementor-column elementor-col-25 elementor-top-column elementor-element elementor-element-d3e7e71\" data-id=\"d3e7e71\" data-element_type=\"column\" data-settings=\"{&quot;background_background&quot;:&quot;classic&quot;}\">\n\t\t\t<div class=\"elementor-widget-wrap elementor-element-populated\">\n\t\t\t\t\t\t<div class=\"elementor-element elementor-element-3c50368 elementor-position-top elementor-widget elementor-widget-image-box\" data-id=\"3c50368\" data-element_type=\"widget\" data-widget_type=\"image-box.default\">\n\t\t\t\t<div class=\"elementor-widget-container\">\n\t\t\t<div class=\"elementor-image-box-wrapper\"><figure class=\"elementor-image-box-img\"><a href=\"https:\/\/cirujanaderodilla.com\/wp-content\/uploads\/2024\/01\/S0120884520300936.pdf\" target=\"_blank\" tabindex=\"-1\"><img fetchpriority=\"high\" decoding=\"async\" width=\"512\" height=\"512\" src=\"https:\/\/cirujanaderodilla.com\/wp-content\/uploads\/2024\/01\/free-pdf-download-icon-2617-thumb.png\" class=\"attachment-full size-full wp-image-769\" alt=\"\" srcset=\"https:\/\/cirujanaderodilla.com\/wp-content\/uploads\/2024\/01\/free-pdf-download-icon-2617-thumb.png 512w, https:\/\/cirujanaderodilla.com\/wp-content\/uploads\/2024\/01\/free-pdf-download-icon-2617-thumb-300x300.png 300w, https:\/\/cirujanaderodilla.com\/wp-content\/uploads\/2024\/01\/free-pdf-download-icon-2617-thumb-150x150.png 150w, https:\/\/cirujanaderodilla.com\/wp-content\/uploads\/2024\/01\/free-pdf-download-icon-2617-thumb-12x12.png 12w\" \/><\/a><\/figure><div class=\"elementor-image-box-content\"><h3 class=\"elementor-image-box-title\"><a href=\"https:\/\/cirujanaderodilla.com\/wp-content\/uploads\/2024\/01\/S0120884520300936.pdf\" target=\"_blank\">Is it useful to fix Segond fractures for the management of anterolateral knee instability? About a case.<\/a><\/h3><\/div><\/div>\t\t<\/div>\n\t\t\t\t<\/div>\n\t\t\t\t\t<\/div>\n\t\t<\/div>\n\t\t\t\t<div class=\"aux-parallax-section elementor-column elementor-col-25 elementor-top-column elementor-element elementor-element-460cc07\" data-id=\"460cc07\" data-element_type=\"column\" data-settings=\"{&quot;background_background&quot;:&quot;classic&quot;}\">\n\t\t\t<div class=\"elementor-widget-wrap elementor-element-populated\">\n\t\t\t\t\t\t<div class=\"elementor-element elementor-element-b9444f7 elementor-position-top elementor-widget elementor-widget-image-box\" data-id=\"b9444f7\" data-element_type=\"widget\" data-widget_type=\"image-box.default\">\n\t\t\t\t<div class=\"elementor-widget-container\">\n\t\t\t<div class=\"elementor-image-box-wrapper\"><figure class=\"elementor-image-box-img\"><a href=\"https:\/\/cirujanaderodilla.com\/wp-content\/uploads\/2024\/01\/S0120884522000475.pdf\" target=\"_blank\" tabindex=\"-1\"><img fetchpriority=\"high\" decoding=\"async\" width=\"512\" height=\"512\" src=\"https:\/\/cirujanaderodilla.com\/wp-content\/uploads\/2024\/01\/free-pdf-download-icon-2617-thumb.png\" class=\"attachment-full size-full wp-image-769\" alt=\"\" srcset=\"https:\/\/cirujanaderodilla.com\/wp-content\/uploads\/2024\/01\/free-pdf-download-icon-2617-thumb.png 512w, https:\/\/cirujanaderodilla.com\/wp-content\/uploads\/2024\/01\/free-pdf-download-icon-2617-thumb-300x300.png 300w, https:\/\/cirujanaderodilla.com\/wp-content\/uploads\/2024\/01\/free-pdf-download-icon-2617-thumb-150x150.png 150w, https:\/\/cirujanaderodilla.com\/wp-content\/uploads\/2024\/01\/free-pdf-download-icon-2617-thumb-12x12.png 12w\" \/><\/a><\/figure><div class=\"elementor-image-box-content\"><h3 class=\"elementor-image-box-title\"><a href=\"https:\/\/cirujanaderodilla.com\/wp-content\/uploads\/2024\/01\/S0120884522000475.pdf\" target=\"_blank\"> Clinical and radiological outcomes of patients with femoral capital episial slip according to the type of treatment.<\/a><\/h3><\/div><\/div>\t\t<\/div>\n\t\t\t\t<\/div>\n\t\t\t\t\t<\/div>\n\t\t<\/div>\n\t\t\t\t<div class=\"aux-parallax-section elementor-column elementor-col-25 elementor-top-column elementor-element elementor-element-0a11c72\" data-id=\"0a11c72\" data-element_type=\"column\" data-settings=\"{&quot;background_background&quot;:&quot;classic&quot;}\">\n\t\t\t<div class=\"elementor-widget-wrap elementor-element-populated\">\n\t\t\t\t\t\t<div class=\"elementor-element elementor-element-cc5a4bc elementor-position-top elementor-widget elementor-widget-image-box\" data-id=\"cc5a4bc\" data-element_type=\"widget\" data-widget_type=\"image-box.default\">\n\t\t\t\t<div class=\"elementor-widget-container\">\n\t\t\t<div class=\"elementor-image-box-wrapper\"><figure class=\"elementor-image-box-img\"><a href=\"https:\/\/cirujanaderodilla.com\/wp-content\/uploads\/2024\/01\/Abordajetransfibularmodificadoparafracturasdelplatillotibialposterolateral.pdf\" target=\"_blank\" tabindex=\"-1\"><img fetchpriority=\"high\" decoding=\"async\" width=\"512\" height=\"512\" src=\"https:\/\/cirujanaderodilla.com\/wp-content\/uploads\/2024\/01\/free-pdf-download-icon-2617-thumb.png\" class=\"attachment-full size-full wp-image-769\" alt=\"\" srcset=\"https:\/\/cirujanaderodilla.com\/wp-content\/uploads\/2024\/01\/free-pdf-download-icon-2617-thumb.png 512w, https:\/\/cirujanaderodilla.com\/wp-content\/uploads\/2024\/01\/free-pdf-download-icon-2617-thumb-300x300.png 300w, https:\/\/cirujanaderodilla.com\/wp-content\/uploads\/2024\/01\/free-pdf-download-icon-2617-thumb-150x150.png 150w, https:\/\/cirujanaderodilla.com\/wp-content\/uploads\/2024\/01\/free-pdf-download-icon-2617-thumb-12x12.png 12w\" \/><\/a><\/figure><div class=\"elementor-image-box-content\"><h3 class=\"elementor-image-box-title\"><a href=\"https:\/\/cirujanaderodilla.com\/wp-content\/uploads\/2024\/01\/Abordajetransfibularmodificadoparafracturasdelplatillotibialposterolateral.pdf\" target=\"_blank\">Modified transbular approach for posterolateral tibial plateau fractures. Number of cases.<\/a><\/h3><\/div><\/div>\t\t<\/div>\n\t\t\t\t<\/div>\n\t\t\t\t\t<\/div>\n\t\t<\/div>\n\t\t\t\t\t<\/div>\n\t\t<\/section>\n\t\t\t\t<\/div>","protected":false},"excerpt":{"rendered":"<p>Medici\u00f3n del \u00c1ngulo de Inclinaci\u00f3n del Ligamento Cruzado Anterior (LCA). Serie de Caso. \u00bfEs \u00fatil jar las fracturas de Segond para el manejo de la inestabilidad anterolateral de rodilla? A prop\u00f3sito de un caso. Desenlaces cl\u00ednicos y radiol\u00f3gicos de pacientes con deslizamiento epi siario capital femoral seg\u00fan el tipo de tratamiento. Abordaje trans bular modi [&hellip;]<\/p>","protected":false},"author":1,"featured_media":0,"parent":0,"menu_order":0,"comment_status":"closed","ping_status":"closed","template":"elementor_header_footer","meta":{"footnotes":""},"_links":{"self":[{"href":"https:\/\/cirujanaderodilla.com\/en\/wp-json\/wp\/v2\/pages\/760"}],"collection":[{"href":"https:\/\/cirujanaderodilla.com\/en\/wp-json\/wp\/v2\/pages"}],"about":[{"href":"https:\/\/cirujanaderodilla.com\/en\/wp-json\/wp\/v2\/types\/page"}],"author":[{"embeddable":true,"href":"https:\/\/cirujanaderodilla.com\/en\/wp-json\/wp\/v2\/users\/1"}],"replies":[{"embeddable":true,"href":"https:\/\/cirujanaderodilla.com\/en\/wp-json\/wp\/v2\/comments?post=760"}],"version-history":[{"count":13,"href":"https:\/\/cirujanaderodilla.com\/en\/wp-json\/wp\/v2\/pages\/760\/revisions"}],"predecessor-version":[{"id":836,"href":"https:\/\/cirujanaderodilla.com\/en\/wp-json\/wp\/v2\/pages\/760\/revisions\/836"}],"wp:attachment":[{"href":"https:\/\/cirujanaderodilla.com\/en\/wp-json\/wp\/v2\/media?parent=760"}],"curies":[{"name":"wp","href":"https:\/\/api.w.org\/{rel}","templated":true}]}}